{"id":293,"date":"2025-05-23T20:06:52","date_gmt":"2025-05-23T18:06:52","guid":{"rendered":"https:\/\/www.pilasexpress.com\/tienda\/?page_id=293"},"modified":"2025-05-23T20:12:17","modified_gmt":"2025-05-23T18:12:17","slug":"contacto","status":"publish","type":"page","link":"https:\/\/pilasexpress.com\/tienda\/contacto\/","title":{"rendered":"Contacto"},"content":{"rendered":"<div class=\"wpforms-container wpforms-container-full wpforms-block wpforms-block-96639ce1-2fa8-4400-844d-2d30330b6563 wpforms-render-modern\" id=\"wpforms-290\"><form id=\"wpforms-form-290\" class=\"wpforms-validate wpforms-form wpforms-ajax-form\" data-formid=\"290\" method=\"post\" enctype=\"multipart\/form-data\" action=\"\/tienda\/wp-json\/wp\/v2\/pages\/293\" data-token=\"7082f9d1f58e7682b4e02c5dec61aa0a\" data-token-time=\"1777211532\"><noscript class=\"wpforms-error-noscript\">Por favor, activa JavaScript en tu navegador para completar este formulario.<\/noscript><div class=\"wpforms-hidden\" id=\"wpforms-error-noscript\">Por favor, activa JavaScript en tu navegador para completar este formulario.<\/div><div class=\"wpforms-field-container\"><div id=\"wpforms-290-field_1-container\" class=\"wpforms-field wpforms-field-name\" data-field-id=\"1\"><label class=\"wpforms-field-label\" for=\"wpforms-290-field_1\">Nombre <span class=\"wpforms-required-label\" aria-hidden=\"true\">*<\/span><\/label><input type=\"text\" id=\"wpforms-290-field_1\" class=\"wpforms-field-medium wpforms-field-required\" name=\"wpforms[fields][1]\" aria-errormessage=\"wpforms-290-field_1-error\" required><\/div><div id=\"wpforms-290-field_2-container\" class=\"wpforms-field wpforms-field-email\" data-field-id=\"2\"><label class=\"wpforms-field-label\" for=\"wpforms-290-field_2\">Correo electr\u00f3nico <span class=\"wpforms-required-label\" aria-hidden=\"true\">*<\/span><\/label><input type=\"email\" id=\"wpforms-290-field_2\" class=\"wpforms-field-medium wpforms-field-required\" name=\"wpforms[fields][2]\" spellcheck=\"false\" aria-errormessage=\"wpforms-290-field_2-error\" required><\/div><div id=\"wpforms-290-field_4-container\" class=\"wpforms-field wpforms-field-number\" data-field-id=\"4\"><label class=\"wpforms-field-label\" for=\"wpforms-290-field_4\">N\u00ba Pedido<\/label><input type=\"number\" id=\"wpforms-290-field_4\" class=\"wpforms-field-small\" name=\"wpforms[fields][4]\" step=\"any\" aria-errormessage=\"wpforms-290-field_4-error\" aria-describedby=\"wpforms-290-field_4-description\" ><div id=\"wpforms-290-field_4-description\" class=\"wpforms-field-description\">Si su consulta est\u00e1 relacionada con un pedido realizado, indique el n\u00famero de pedido en el formulario.<\/div><\/div><div id=\"wpforms-290-field_3-container\" class=\"wpforms-field wpforms-field-textarea\" data-field-id=\"3\"><label class=\"wpforms-field-label\" for=\"wpforms-290-field_3\">Comentario o mensaje<\/label><textarea id=\"wpforms-290-field_3\" class=\"wpforms-field-medium\" name=\"wpforms[fields][3]\" aria-errormessage=\"wpforms-290-field_3-error\" ><\/textarea><\/div><\/div><!-- .wpforms-field-container --><div class=\"wpforms-submit-container\" ><input type=\"hidden\" name=\"wpforms[id]\" value=\"290\"><input type=\"hidden\" name=\"page_title\" value=\"\"><input type=\"hidden\" name=\"page_url\" value=\"https:\/\/pilasexpress.com\/tienda\/wp-json\/wp\/v2\/pages\/293\"><input type=\"hidden\" name=\"url_referer\" value=\"\"><button type=\"submit\" name=\"wpforms[submit]\" id=\"wpforms-submit-290\" class=\"wpforms-submit\" data-alt-text=\"Enviando...\" data-submit-text=\"Enviar\" aria-live=\"assertive\" value=\"wpforms-submit\">Enviar<\/button><img loading=\"lazy\" decoding=\"async\" src=\"https:\/\/pilasexpress.com\/tienda\/wp-content\/plugins\/wpforms-lite\/assets\/images\/submit-spin.svg\" class=\"wpforms-submit-spinner\" style=\"display: none;\" width=\"26\" height=\"26\" alt=\"Cargando\"><\/div><\/form><\/div>  <!-- .wpforms-container -->","protected":false},"excerpt":{"rendered":"","protected":false},"author":1,"featured_media":0,"parent":0,"menu_order":0,"comment_status":"closed","ping_status":"closed","template":"","meta":{"footnotes":""},"class_list":["post-293","page","type-page","status-publish","hentry"],"yoast_head":"<!-- This site is optimized with the Yoast SEO plugin v25.3 - https:\/\/yoast.com\/wordpress\/plugins\/seo\/ -->\n<title>Contacto - PilasExpress<\/title>\n<meta name=\"description\" content=\"\u00bfTienes dudas o necesitas ayuda? Cont\u00e1ctanos en PilasExpress: atenci\u00f3n r\u00e1pida, consejo experto y soporte postventa para todas tus pilas y accesorios.\" \/>\n<meta name=\"robots\" content=\"index, follow, max-snippet:-1, max-image-preview:large, max-video-preview:-1\" \/>\n<link rel=\"canonical\" href=\"https:\/\/pilasexpress.com\/tienda\/contacto\/\" \/>\n<meta property=\"og:locale\" content=\"es_ES\" \/>\n<meta property=\"og:type\" content=\"article\" \/>\n<meta property=\"og:title\" content=\"Contacto - PilasExpress\" \/>\n<meta property=\"og:description\" content=\"\u00bfTienes dudas o necesitas ayuda? Cont\u00e1ctanos en PilasExpress: atenci\u00f3n r\u00e1pida, consejo experto y soporte postventa para todas tus pilas y accesorios.\" \/>\n<meta property=\"og:url\" content=\"https:\/\/pilasexpress.com\/tienda\/contacto\/\" \/>\n<meta property=\"og:site_name\" content=\"PilasExpress\" \/>\n<meta property=\"article:modified_time\" content=\"2025-05-23T18:12:17+00:00\" \/>\n<meta name=\"twitter:card\" content=\"summary_large_image\" \/>\n<script type=\"application\/ld+json\" class=\"yoast-schema-graph\">{\"@context\":\"https:\/\/schema.org\",\"@graph\":[{\"@type\":\"WebPage\",\"@id\":\"https:\/\/pilasexpress.com\/tienda\/contacto\/\",\"url\":\"https:\/\/pilasexpress.com\/tienda\/contacto\/\",\"name\":\"Contacto - PilasExpress\",\"isPartOf\":{\"@id\":\"https:\/\/pilasexpress.com\/tienda\/#website\"},\"datePublished\":\"2025-05-23T18:06:52+00:00\",\"dateModified\":\"2025-05-23T18:12:17+00:00\",\"description\":\"\u00bfTienes dudas o necesitas ayuda? Cont\u00e1ctanos en PilasExpress: atenci\u00f3n r\u00e1pida, consejo experto y soporte postventa para todas tus pilas y accesorios.\",\"breadcrumb\":{\"@id\":\"https:\/\/pilasexpress.com\/tienda\/contacto\/#breadcrumb\"},\"inLanguage\":\"es\",\"potentialAction\":[{\"@type\":\"ReadAction\",\"target\":[\"https:\/\/pilasexpress.com\/tienda\/contacto\/\"]}]},{\"@type\":\"BreadcrumbList\",\"@id\":\"https:\/\/pilasexpress.com\/tienda\/contacto\/#breadcrumb\",\"itemListElement\":[{\"@type\":\"ListItem\",\"position\":1,\"name\":\"Portada\",\"item\":\"https:\/\/pilasexpress.com\/tienda\/\"},{\"@type\":\"ListItem\",\"position\":2,\"name\":\"Contacto\"}]},{\"@type\":\"WebSite\",\"@id\":\"https:\/\/pilasexpress.com\/tienda\/#website\",\"url\":\"https:\/\/pilasexpress.com\/tienda\/\",\"name\":\"PilasExpress\",\"description\":\"Tu tienda de pilas de confianza, con env\u00edo express y al mejor precio. Gran variedad de modelos. Stock real. Env\u00edos en 24\/48h desde Espa\u00f1a.\",\"publisher\":{\"@id\":\"https:\/\/pilasexpress.com\/tienda\/#organization\"},\"potentialAction\":[{\"@type\":\"SearchAction\",\"target\":{\"@type\":\"EntryPoint\",\"urlTemplate\":\"https:\/\/pilasexpress.com\/tienda\/?s={search_term_string}\"},\"query-input\":{\"@type\":\"PropertyValueSpecification\",\"valueRequired\":true,\"valueName\":\"search_term_string\"}}],\"inLanguage\":\"es\"},{\"@type\":\"Organization\",\"@id\":\"https:\/\/pilasexpress.com\/tienda\/#organization\",\"name\":\"PilasExpress\",\"url\":\"https:\/\/pilasexpress.com\/tienda\/\",\"logo\":{\"@type\":\"ImageObject\",\"inLanguage\":\"es\",\"@id\":\"https:\/\/pilasexpress.com\/tienda\/#\/schema\/logo\/image\/\",\"url\":\"\",\"contentUrl\":\"\",\"caption\":\"PilasExpress\"},\"image\":{\"@id\":\"https:\/\/pilasexpress.com\/tienda\/#\/schema\/logo\/image\/\"}}]}<\/script>\n<!-- \/ Yoast SEO plugin. -->","yoast_head_json":{"title":"Contacto - PilasExpress","description":"\u00bfTienes dudas o necesitas ayuda? Cont\u00e1ctanos en PilasExpress: atenci\u00f3n r\u00e1pida, consejo experto y soporte postventa para todas tus pilas y accesorios.","robots":{"index":"index","follow":"follow","max-snippet":"max-snippet:-1","max-image-preview":"max-image-preview:large","max-video-preview":"max-video-preview:-1"},"canonical":"https:\/\/pilasexpress.com\/tienda\/contacto\/","og_locale":"es_ES","og_type":"article","og_title":"Contacto - PilasExpress","og_description":"\u00bfTienes dudas o necesitas ayuda? Cont\u00e1ctanos en PilasExpress: atenci\u00f3n r\u00e1pida, consejo experto y soporte postventa para todas tus pilas y accesorios.","og_url":"https:\/\/pilasexpress.com\/tienda\/contacto\/","og_site_name":"PilasExpress","article_modified_time":"2025-05-23T18:12:17+00:00","twitter_card":"summary_large_image","schema":{"@context":"https:\/\/schema.org","@graph":[{"@type":"WebPage","@id":"https:\/\/pilasexpress.com\/tienda\/contacto\/","url":"https:\/\/pilasexpress.com\/tienda\/contacto\/","name":"Contacto - PilasExpress","isPartOf":{"@id":"https:\/\/pilasexpress.com\/tienda\/#website"},"datePublished":"2025-05-23T18:06:52+00:00","dateModified":"2025-05-23T18:12:17+00:00","description":"\u00bfTienes dudas o necesitas ayuda? Cont\u00e1ctanos en PilasExpress: atenci\u00f3n r\u00e1pida, consejo experto y soporte postventa para todas tus pilas y accesorios.","breadcrumb":{"@id":"https:\/\/pilasexpress.com\/tienda\/contacto\/#breadcrumb"},"inLanguage":"es","potentialAction":[{"@type":"ReadAction","target":["https:\/\/pilasexpress.com\/tienda\/contacto\/"]}]},{"@type":"BreadcrumbList","@id":"https:\/\/pilasexpress.com\/tienda\/contacto\/#breadcrumb","itemListElement":[{"@type":"ListItem","position":1,"name":"Portada","item":"https:\/\/pilasexpress.com\/tienda\/"},{"@type":"ListItem","position":2,"name":"Contacto"}]},{"@type":"WebSite","@id":"https:\/\/pilasexpress.com\/tienda\/#website","url":"https:\/\/pilasexpress.com\/tienda\/","name":"PilasExpress","description":"Tu tienda de pilas de confianza, con env\u00edo express y al mejor precio. Gran variedad de modelos. Stock real. Env\u00edos en 24\/48h desde Espa\u00f1a.","publisher":{"@id":"https:\/\/pilasexpress.com\/tienda\/#organization"},"potentialAction":[{"@type":"SearchAction","target":{"@type":"EntryPoint","urlTemplate":"https:\/\/pilasexpress.com\/tienda\/?s={search_term_string}"},"query-input":{"@type":"PropertyValueSpecification","valueRequired":true,"valueName":"search_term_string"}}],"inLanguage":"es"},{"@type":"Organization","@id":"https:\/\/pilasexpress.com\/tienda\/#organization","name":"PilasExpress","url":"https:\/\/pilasexpress.com\/tienda\/","logo":{"@type":"ImageObject","inLanguage":"es","@id":"https:\/\/pilasexpress.com\/tienda\/#\/schema\/logo\/image\/","url":"","contentUrl":"","caption":"PilasExpress"},"image":{"@id":"https:\/\/pilasexpress.com\/tienda\/#\/schema\/logo\/image\/"}}]}},"jetpack_sharing_enabled":true,"_links":{"self":[{"href":"https:\/\/pilasexpress.com\/tienda\/wp-json\/wp\/v2\/pages\/293","targetHints":{"allow":["GET"]}}],"collection":[{"href":"https:\/\/pilasexpress.com\/tienda\/wp-json\/wp\/v2\/pages"}],"about":[{"href":"https:\/\/pilasexpress.com\/tienda\/wp-json\/wp\/v2\/types\/page"}],"author":[{"embeddable":true,"href":"https:\/\/pilasexpress.com\/tienda\/wp-json\/wp\/v2\/users\/1"}],"replies":[{"embeddable":true,"href":"https:\/\/pilasexpress.com\/tienda\/wp-json\/wp\/v2\/comments?post=293"}],"version-history":[{"count":3,"href":"https:\/\/pilasexpress.com\/tienda\/wp-json\/wp\/v2\/pages\/293\/revisions"}],"predecessor-version":[{"id":297,"href":"https:\/\/pilasexpress.com\/tienda\/wp-json\/wp\/v2\/pages\/293\/revisions\/297"}],"wp:attachment":[{"href":"https:\/\/pilasexpress.com\/tienda\/wp-json\/wp\/v2\/media?parent=293"}],"curies":[{"name":"wp","href":"https:\/\/api.w.org\/{rel}","templated":true}]}}