{"id":493,"date":"2025-06-01T23:05:24","date_gmt":"2025-06-01T21:05:24","guid":{"rendered":"https:\/\/www.pilasexpress.com\/tienda\/?page_id=493"},"modified":"2025-06-01T23:05:25","modified_gmt":"2025-06-01T21:05:25","slug":"aviso-legal","status":"publish","type":"page","link":"https:\/\/pilasexpress.com\/tienda\/aviso-legal\/","title":{"rendered":"Aviso Legal"},"content":{"rendered":"\n<p>En cumplimiento con el deber de informaci\u00f3n recogido en la Ley 34\/2002 de Servicios de la Sociedad de la Informaci\u00f3n y del Comercio Electr\u00f3nico (LSSI-CE), se informa lo siguiente:<\/p>\n\n<h2>Datos del titular<\/h2>\n<ul>\n  <li><strong>Nombre comercial:<\/strong> PilasExpress<\/li>\n  <li><strong>NIF:<\/strong> 45599613C<\/li>\n  <li><strong>Direcci\u00f3n:<\/strong> C\/ Suiza 3  Olula del rio 04860<\/li>\n  <li><strong>Correo electr\u00f3nico:<\/strong> info@pilasexpress.com<\/li>\n  <!-- Puedes a\u00f1adir tu CIF\/NIF y direcci\u00f3n si lo deseas -->\n<\/ul>\n\n<h2>Propiedad intelectual<\/h2>\n<p>Todos los contenidos de este sitio web, incluyendo textos, im\u00e1genes, logotipos, y dise\u00f1o gr\u00e1fico, est\u00e1n protegidos por derechos de propiedad intelectual y no pueden ser reproducidos sin autorizaci\u00f3n expresa del titular.<\/p>\n\n<h2>Responsabilidad<\/h2>\n<p>PilasExpress no se responsabiliza del mal uso de los contenidos de esta web. Tampoco garantiza la ausencia de virus u otros elementos que puedan causar da\u00f1os en los sistemas inform\u00e1ticos del usuario.<\/p>\n\n","protected":false},"excerpt":{"rendered":"<p>En cumplimiento con el deber de informaci\u00f3n recogido en la Ley 34\/2002 de Servicios de la Sociedad de la Informaci\u00f3n y del Comercio Electr\u00f3nico (LSSI-CE), se informa lo siguiente: Datos del titular Nombre comercial: PilasExpress NIF: 45599613C Direcci\u00f3n: C\/ Suiza 3 Olula del rio 04860 Correo electr\u00f3nico: info@pilasexpress.com Propiedad intelectual Todos los contenidos de este [&hellip;]<\/p>\n","protected":false},"author":1,"featured_media":0,"parent":0,"menu_order":0,"comment_status":"closed","ping_status":"closed","template":"","meta":{"footnotes":""},"class_list":["post-493","page","type-page","status-publish","hentry"],"yoast_head":"<!-- This site is optimized with the Yoast SEO plugin v25.3 - https:\/\/yoast.com\/wordpress\/plugins\/seo\/ -->\n<title>Aviso Legal - PilasExpress<\/title>\n<meta name=\"description\" content=\"En cumplimiento con el deber de informaci\u00f3n recogido en la Ley 34\/2002 de Servicios de la Sociedad de la Informaci\u00f3n y del Comercio Electr\u00f3nico (LSSI-CE), se informa lo siguiente\" \/>\n<meta name=\"robots\" content=\"index, follow, max-snippet:-1, max-image-preview:large, max-video-preview:-1\" \/>\n<link rel=\"canonical\" href=\"https:\/\/pilasexpress.com\/tienda\/aviso-legal\/\" \/>\n<meta property=\"og:locale\" content=\"es_ES\" \/>\n<meta property=\"og:type\" content=\"article\" \/>\n<meta property=\"og:title\" content=\"Aviso Legal - PilasExpress\" \/>\n<meta property=\"og:description\" content=\"En cumplimiento con el deber de informaci\u00f3n recogido en la Ley 34\/2002 de Servicios de la Sociedad de la Informaci\u00f3n y del Comercio Electr\u00f3nico (LSSI-CE), se informa lo siguiente\" \/>\n<meta property=\"og:url\" content=\"https:\/\/pilasexpress.com\/tienda\/aviso-legal\/\" \/>\n<meta property=\"og:site_name\" content=\"PilasExpress\" \/>\n<meta property=\"article:modified_time\" content=\"2025-06-01T21:05:25+00:00\" \/>\n<meta name=\"twitter:card\" content=\"summary_large_image\" \/>\n<meta name=\"twitter:label1\" content=\"Tiempo de lectura\" \/>\n\t<meta name=\"twitter:data1\" content=\"1 minuto\" \/>\n<script type=\"application\/ld+json\" class=\"yoast-schema-graph\">{\"@context\":\"https:\/\/schema.org\",\"@graph\":[{\"@type\":\"WebPage\",\"@id\":\"https:\/\/pilasexpress.com\/tienda\/aviso-legal\/\",\"url\":\"https:\/\/pilasexpress.com\/tienda\/aviso-legal\/\",\"name\":\"Aviso Legal - PilasExpress\",\"isPartOf\":{\"@id\":\"https:\/\/pilasexpress.com\/tienda\/#website\"},\"datePublished\":\"2025-06-01T21:05:24+00:00\",\"dateModified\":\"2025-06-01T21:05:25+00:00\",\"description\":\"En cumplimiento con el deber de informaci\u00f3n recogido en la Ley 34\/2002 de Servicios de la Sociedad de la Informaci\u00f3n y del Comercio Electr\u00f3nico (LSSI-CE), se informa lo siguiente\",\"breadcrumb\":{\"@id\":\"https:\/\/pilasexpress.com\/tienda\/aviso-legal\/#breadcrumb\"},\"inLanguage\":\"es\",\"potentialAction\":[{\"@type\":\"ReadAction\",\"target\":[\"https:\/\/pilasexpress.com\/tienda\/aviso-legal\/\"]}]},{\"@type\":\"BreadcrumbList\",\"@id\":\"https:\/\/pilasexpress.com\/tienda\/aviso-legal\/#breadcrumb\",\"itemListElement\":[{\"@type\":\"ListItem\",\"position\":1,\"name\":\"Portada\",\"item\":\"https:\/\/pilasexpress.com\/tienda\/\"},{\"@type\":\"ListItem\",\"position\":2,\"name\":\"Aviso Legal\"}]},{\"@type\":\"WebSite\",\"@id\":\"https:\/\/pilasexpress.com\/tienda\/#website\",\"url\":\"https:\/\/pilasexpress.com\/tienda\/\",\"name\":\"PilasExpress\",\"description\":\"Tu tienda de pilas de confianza, con env\u00edo express y al mejor precio. Gran variedad de modelos. Stock real. Env\u00edos en 24\/48h desde Espa\u00f1a.\",\"publisher\":{\"@id\":\"https:\/\/pilasexpress.com\/tienda\/#organization\"},\"potentialAction\":[{\"@type\":\"SearchAction\",\"target\":{\"@type\":\"EntryPoint\",\"urlTemplate\":\"https:\/\/pilasexpress.com\/tienda\/?s={search_term_string}\"},\"query-input\":{\"@type\":\"PropertyValueSpecification\",\"valueRequired\":true,\"valueName\":\"search_term_string\"}}],\"inLanguage\":\"es\"},{\"@type\":\"Organization\",\"@id\":\"https:\/\/pilasexpress.com\/tienda\/#organization\",\"name\":\"PilasExpress\",\"url\":\"https:\/\/pilasexpress.com\/tienda\/\",\"logo\":{\"@type\":\"ImageObject\",\"inLanguage\":\"es\",\"@id\":\"https:\/\/pilasexpress.com\/tienda\/#\/schema\/logo\/image\/\",\"url\":\"\",\"contentUrl\":\"\",\"caption\":\"PilasExpress\"},\"image\":{\"@id\":\"https:\/\/pilasexpress.com\/tienda\/#\/schema\/logo\/image\/\"}}]}<\/script>\n<!-- \/ Yoast SEO plugin. -->","yoast_head_json":{"title":"Aviso Legal - PilasExpress","description":"En cumplimiento con el deber de informaci\u00f3n recogido en la Ley 34\/2002 de Servicios de la Sociedad de la Informaci\u00f3n y del Comercio Electr\u00f3nico (LSSI-CE), se informa lo siguiente","robots":{"index":"index","follow":"follow","max-snippet":"max-snippet:-1","max-image-preview":"max-image-preview:large","max-video-preview":"max-video-preview:-1"},"canonical":"https:\/\/pilasexpress.com\/tienda\/aviso-legal\/","og_locale":"es_ES","og_type":"article","og_title":"Aviso Legal - PilasExpress","og_description":"En cumplimiento con el deber de informaci\u00f3n recogido en la Ley 34\/2002 de Servicios de la Sociedad de la Informaci\u00f3n y del Comercio Electr\u00f3nico (LSSI-CE), se informa lo siguiente","og_url":"https:\/\/pilasexpress.com\/tienda\/aviso-legal\/","og_site_name":"PilasExpress","article_modified_time":"2025-06-01T21:05:25+00:00","twitter_card":"summary_large_image","twitter_misc":{"Tiempo de lectura":"1 minuto"},"schema":{"@context":"https:\/\/schema.org","@graph":[{"@type":"WebPage","@id":"https:\/\/pilasexpress.com\/tienda\/aviso-legal\/","url":"https:\/\/pilasexpress.com\/tienda\/aviso-legal\/","name":"Aviso Legal - PilasExpress","isPartOf":{"@id":"https:\/\/pilasexpress.com\/tienda\/#website"},"datePublished":"2025-06-01T21:05:24+00:00","dateModified":"2025-06-01T21:05:25+00:00","description":"En cumplimiento con el deber de informaci\u00f3n recogido en la Ley 34\/2002 de Servicios de la Sociedad de la Informaci\u00f3n y del Comercio Electr\u00f3nico (LSSI-CE), se informa lo siguiente","breadcrumb":{"@id":"https:\/\/pilasexpress.com\/tienda\/aviso-legal\/#breadcrumb"},"inLanguage":"es","potentialAction":[{"@type":"ReadAction","target":["https:\/\/pilasexpress.com\/tienda\/aviso-legal\/"]}]},{"@type":"BreadcrumbList","@id":"https:\/\/pilasexpress.com\/tienda\/aviso-legal\/#breadcrumb","itemListElement":[{"@type":"ListItem","position":1,"name":"Portada","item":"https:\/\/pilasexpress.com\/tienda\/"},{"@type":"ListItem","position":2,"name":"Aviso Legal"}]},{"@type":"WebSite","@id":"https:\/\/pilasexpress.com\/tienda\/#website","url":"https:\/\/pilasexpress.com\/tienda\/","name":"PilasExpress","description":"Tu tienda de pilas de confianza, con env\u00edo express y al mejor precio. Gran variedad de modelos. Stock real. Env\u00edos en 24\/48h desde Espa\u00f1a.","publisher":{"@id":"https:\/\/pilasexpress.com\/tienda\/#organization"},"potentialAction":[{"@type":"SearchAction","target":{"@type":"EntryPoint","urlTemplate":"https:\/\/pilasexpress.com\/tienda\/?s={search_term_string}"},"query-input":{"@type":"PropertyValueSpecification","valueRequired":true,"valueName":"search_term_string"}}],"inLanguage":"es"},{"@type":"Organization","@id":"https:\/\/pilasexpress.com\/tienda\/#organization","name":"PilasExpress","url":"https:\/\/pilasexpress.com\/tienda\/","logo":{"@type":"ImageObject","inLanguage":"es","@id":"https:\/\/pilasexpress.com\/tienda\/#\/schema\/logo\/image\/","url":"","contentUrl":"","caption":"PilasExpress"},"image":{"@id":"https:\/\/pilasexpress.com\/tienda\/#\/schema\/logo\/image\/"}}]}},"jetpack_sharing_enabled":true,"_links":{"self":[{"href":"https:\/\/pilasexpress.com\/tienda\/wp-json\/wp\/v2\/pages\/493","targetHints":{"allow":["GET"]}}],"collection":[{"href":"https:\/\/pilasexpress.com\/tienda\/wp-json\/wp\/v2\/pages"}],"about":[{"href":"https:\/\/pilasexpress.com\/tienda\/wp-json\/wp\/v2\/types\/page"}],"author":[{"embeddable":true,"href":"https:\/\/pilasexpress.com\/tienda\/wp-json\/wp\/v2\/users\/1"}],"replies":[{"embeddable":true,"href":"https:\/\/pilasexpress.com\/tienda\/wp-json\/wp\/v2\/comments?post=493"}],"version-history":[{"count":1,"href":"https:\/\/pilasexpress.com\/tienda\/wp-json\/wp\/v2\/pages\/493\/revisions"}],"predecessor-version":[{"id":494,"href":"https:\/\/pilasexpress.com\/tienda\/wp-json\/wp\/v2\/pages\/493\/revisions\/494"}],"wp:attachment":[{"href":"https:\/\/pilasexpress.com\/tienda\/wp-json\/wp\/v2\/media?parent=493"}],"curies":[{"name":"wp","href":"https:\/\/api.w.org\/{rel}","templated":true}]}}