{"id":379,"date":"2025-05-24T01:18:46","date_gmt":"2025-05-23T23:18:46","guid":{"rendered":"https:\/\/www.pilasexpress.com\/tienda\/?post_type=product&#038;p=379"},"modified":"2026-03-12T21:09:07","modified_gmt":"2026-03-12T20:09:07","slug":"cr2477-koonenda","status":"publish","type":"product","link":"https:\/\/pilasexpress.com\/tienda\/producto\/cr2477-koonenda\/","title":{"rendered":"Pila de boton Litio CR2477 3V ER2477 GPR2477 Koonenda"},"content":{"rendered":"<h3 class=\"titulo-producto\">CR2477 Koonenda \u2013 Pila de Bot\u00f3n Litio 3 V (1 unidad)<\/h3>\n<p>La pila CR2477 Koonenda ofrece una capacidad excepcional de 1000 mAh en un formato compacto de 24 \u00d7 7.7 mm, brindando as\u00ed una fuente de energ\u00eda duradera para dispositivos que requieren mayores picos de consumo. Por ejemplo, en relojes grandes y medidores de glucosa esta pila mantiene un voltaje constante de 3 V, lo cual es crucial para una precisi\u00f3n continua.<\/p>\n<p>Adem\u00e1s, gracias a su qu\u00edmica de litio, la CR2477 minimiza la autodescarga. Por consiguiente, puedes almacenar esta pila hasta dos a\u00f1os en condiciones \u00f3ptimas (ambiente fresco y seco) sin perder carga significativa. En consecuencia, contar\u00e1s siempre con energ\u00eda lista para usar en gobernio de mandos a distancia, sistemas de alarma y c\u00e1maras de seguridad.<\/p>\n<p>Por otro lado, es compatible con las referencias est\u00e1ndar DL2477, ER2477 y GPR2477, lo que facilita su sustituci\u00f3n en pr\u00e1cticamente cualquier equipo. De este modo, evitar\u00e1s confusiones al buscar reemplazos y garantizar\u00e1s un ajuste perfecto.<\/p>\n<p>Finalmente, cada unidad pasa por rigurosos controles de calidad donde Koonenda emplea materiales de alta pureza y sellos herm\u00e9ticos para prevenir fugas. Adem\u00e1s, en PilasExpress procesamos tu pedido con env\u00edo r\u00e1pido en 24\u201348 h, y ofrecemos soporte experto para resolver las dudas que puedas tener sobre instalaci\u00f3n o compatibilidad.<\/p>\n<h5>Caracter\u00edsticas t\u00e9cnicas:<\/h5>\n<table>\n<tr>\n<td><strong>Modelo<\/strong><\/td>\n<td>CR2477<\/td>\n<\/tr>\n<tr>\n<td><strong>Compatibilidad<\/strong><\/td>\n<td>DL2477, ER2477, GPR2477<\/td>\n<\/tr>\n<tr>\n<td><strong>Voltaje<\/strong><\/td>\n<td>3 V<\/td>\n<\/tr>\n<tr>\n<td><strong>Capacidad<\/strong><\/td>\n<td>1000 mAh<\/td>\n<\/tr>\n<tr>\n<td><strong>Dimensiones<\/strong><\/td>\n<td>24 \u00d7 7.7 mm<\/td>\n<\/tr>\n<tr>\n<td><strong>Qu\u00edmica<\/strong><\/td>\n<td>Litio<\/td>\n<\/tr>\n<tr>\n<td><strong>Cantidad<\/strong><\/td>\n<td>1 unidad<\/td>\n<\/tr>\n<tr>\n<td><strong>Temperatura uso<\/strong><\/td>\n<td>\u201320 \u00b0C a +60 \u00b0C<\/td>\n<\/tr>\n<tr>\n<td><strong>Fecha de caducidad:<\/strong><\/td>\n<td><a href=\"https:\/\/www.pilasexpress.com\/caducidad-pilas.html\" class=\"btn-consultar\" target=\"_blank\">Consultar<\/a><\/td>\n<\/tr>\n<\/table>\n<h5>Contenido del paquete:<\/h5>\n<ul>\n<li>CR2477 Koonenda \u2013 Pila de Bot\u00f3n Litio 3 V (1 unidad)<\/li>\n<\/ul>\n<hr style=\"margin-top:20px;\">\n<p>        <p>En <strong>PilasExpress<\/strong>, nos especializamos en ofrecerte una amplia variedad de <strong>pilas y bater\u00edas de alta calidad<\/strong> para todos tus dispositivos. Ya sea para relojes, juguetes, controles remotos o aparatos m\u00e9dicos, contamos con modelos compatibles y de marcas reconocidas. Esta ficha corresponde a uno de nuestros productos destacados, cuidadosamente seleccionados por su fiabilidad, durabilidad y excelente relaci\u00f3n calidad-precio.<\/p>\r\n<h5>\u00bfPor qu\u00e9 comprar en PilasExpress?<\/h5>\r\n<ul>\r\n  <li>\ud83d\udfe2 Env\u00edo r\u00e1pido desde Espa\u00f1a<\/li>\r\n  <li>\ud83d\udd0b Productos testados antes del env\u00edo<\/li>\r\n  <li>\ud83d\udce6 Empaquetado seguro y protecci\u00f3n extra<\/li>\r\n  <li>\ud83d\udcac Atenci\u00f3n al cliente personalizada<\/li>\r\n  <li>\ud83d\udcb3 Pagos seguros con PayPal, tarjeta y transferencia bancaria<\/li>\r\n<\/ul><\/p>\n<p>Si necesitas comprobar la equivalencia entre modelos de pilas compatibles, puede visitar nuestra <a href=\"https:\/\/www.pilasexpress.com\/Tabla-equivalencias-AGXX.html\" target=\"_blank\">tabla de equivalencias<\/a>.<\/p>\n<p>        <div style=\"text-align: center;margin-top: 20px\">\r\n  <img src=\"https:\/\/www.pilasexpress.com\/img\/reciclaje.png\" alt=\"Reciclaje de pilas - PilasExpress\" width=\"200\">\r\n  <p style=\"font-size: 14px;color: #555\">Recuerda: las pilas usadas no deben tirarse a la basura. Dep\u00f3sitalas en un punto limpio o contenedor de reciclaje para cuidar el medio ambiente.<\/p>\r\n<\/div><\/p>\n<div class=\"etiqueta-envio\">\n<h5>Condiciones de env\u00edo<\/h5>\n<\/div>\n<p><p>En <strong>PilasExpress.com<\/strong>, queremos que recibas tus pilas lo m\u00e1s r\u00e1pido y c\u00f3modamente posible. Ofrecemos diversas opciones de env\u00edo para adaptarnos a tus necesidades.<\/p>\r\n<p>Cada opci\u00f3n tiene sus propias caracter\u00edsticas y plazos de entrega, as\u00ed que elige la que mejor se adapte a tu urgencia y presupuesto.<\/p>\r\n<p>Disfruta de env\u00edo gratuito en PilasExpress.com para pedidos superiores a <strong>20\u20ac<\/strong>. Si tu compra supera este valor, el env\u00edo corre por nuestra cuenta. Es una excelente manera de ahorrar en tus pilas y recibirlas directamente en tu puerta.<\/p>\r\n<p>Para conocer todos los detalles sobre nuestros m\u00e9todos de env\u00edo, incluyendo precios y tiempos de entrega estimados, visita nuestra p\u00e1gina de <a href=\"https:\/\/www.pilasexpress.com\/envios.html\" target=\"_blank\">Gastos de Env\u00edo<\/a>.<\/p><\/p>\n<h5>Enlaces relacionados<\/h5>\n<ul class=\"enlaces-relacionados\">\n<li><a href=\"https:\/\/reducereutilizarecicla.org\/como-reciclar-pilas\/\" target=\"_blank\">Como reciclar pilas correctamente<\/a><\/li>\n<\/ul>\n<p>        <script type=\"application\/ld+json\">\n{\n  \"@context\": \"https:\/\/schema.org\",\n  \"@type\": \"Product\",\n  \"name\": \"CR2477 Koonenda \u2013 Pila de Bot\u00f3n Litio 3 V (1 unidad)\",\n  \"description\": \"La pila CR2477 Koonenda ofrece una capacidad excepcional de 1000 mAh en un formato compacto de 24 \u00d7 7.7 mm, brindando as\u00ed una fuente de energ\u00eda duradera para di\",\n  \"brand\": {\n    \"@type\": \"Brand\",\n    \"name\": \"PilasExpress\"\n  },\n  \"offers\": {\n    \"@type\": \"Offer\",\n    \"availability\": \"https:\/\/schema.org\/InStock\",\n    \"priceCurrency\": \"EUR\",\n    \"price\": \"2.95\"\n  }\n}\n<\/script><\/p>\n","protected":false},"excerpt":{"rendered":"<p>Pila de bot\u00f3n Litio CR2477 Koonenda (24 \u00d7 7.7 mm, 3 V, 1000 mAh). Compatible con DL2477, ER2477 y GPR2477. Perfecta para relojes, medidores y equipos de alta demanda.<\/p>\n","protected":false},"featured_media":380,"comment_status":"open","ping_status":"closed","template":"","meta":[],"product_brand":[23],"product_cat":[25],"product_tag":[],"class_list":{"0":"post-379","1":"product","2":"type-product","3":"status-publish","4":"has-post-thumbnail","6":"product_brand-koonenda","7":"product_cat-cr-xxxx","9":"first","10":"instock","11":"taxable","12":"shipping-taxable","13":"purchasable","14":"product-type-simple"},"yoast_head":"<!-- This site is optimized with the Yoast SEO plugin v25.3 - https:\/\/yoast.com\/wordpress\/plugins\/seo\/ -->\n<title>Pila de boton Litio CR2477 3V ER2477 GPR2477 Koonenda - PilasExpress<\/title>\n<meta name=\"description\" content=\"Pila CR2477 Koonenda 3 V, 1000 mAh. Compatible DL2477\/ER2477\/GPR2477. Ideal para relojes, medidores y dispositivos de alta demanda. Env\u00edo 24\u201348 h.\" \/>\n<meta name=\"robots\" content=\"index, follow, max-snippet:-1, max-image-preview:large, max-video-preview:-1\" \/>\n<link rel=\"canonical\" href=\"https:\/\/pilasexpress.com\/tienda\/producto\/cr2477-koonenda\/\" \/>\n<meta property=\"og:locale\" content=\"es_ES\" \/>\n<meta property=\"og:type\" content=\"article\" \/>\n<meta property=\"og:title\" content=\"Pila de boton Litio CR2477 3V ER2477 GPR2477 Koonenda - PilasExpress\" \/>\n<meta property=\"og:description\" content=\"Pila CR2477 Koonenda 3 V, 1000 mAh. Compatible DL2477\/ER2477\/GPR2477. Ideal para relojes, medidores y dispositivos de alta demanda. Env\u00edo 24\u201348 h.\" \/>\n<meta property=\"og:url\" content=\"https:\/\/pilasexpress.com\/tienda\/producto\/cr2477-koonenda\/\" \/>\n<meta property=\"og:site_name\" content=\"PilasExpress\" \/>\n<meta property=\"article:modified_time\" content=\"2026-03-12T20:09:07+00:00\" \/>\n<meta property=\"og:image\" content=\"https:\/\/pilasexpress.com\/tienda\/wp-content\/uploads\/2025\/05\/2575-00.webp\" \/>\n\t<meta property=\"og:image:width\" content=\"1000\" \/>\n\t<meta property=\"og:image:height\" content=\"1000\" \/>\n\t<meta property=\"og:image:type\" content=\"image\/png\" \/>\n<meta name=\"twitter:card\" content=\"summary_large_image\" \/>\n<meta name=\"twitter:label1\" content=\"Tiempo de lectura\" \/>\n\t<meta name=\"twitter:data1\" content=\"1 minuto\" \/>\n<script type=\"application\/ld+json\" class=\"yoast-schema-graph\">{\"@context\":\"https:\/\/schema.org\",\"@graph\":[{\"@type\":\"WebPage\",\"@id\":\"https:\/\/pilasexpress.com\/tienda\/producto\/cr2477-koonenda\/\",\"url\":\"https:\/\/pilasexpress.com\/tienda\/producto\/cr2477-koonenda\/\",\"name\":\"Pila de boton Litio CR2477 3V ER2477 GPR2477 Koonenda - PilasExpress\",\"isPartOf\":{\"@id\":\"https:\/\/pilasexpress.com\/tienda\/#website\"},\"primaryImageOfPage\":{\"@id\":\"https:\/\/pilasexpress.com\/tienda\/producto\/cr2477-koonenda\/#primaryimage\"},\"image\":{\"@id\":\"https:\/\/pilasexpress.com\/tienda\/producto\/cr2477-koonenda\/#primaryimage\"},\"thumbnailUrl\":\"https:\/\/pilasexpress.com\/tienda\/wp-content\/uploads\/2025\/05\/2575-00.webp\",\"datePublished\":\"2025-05-23T23:18:46+00:00\",\"dateModified\":\"2026-03-12T20:09:07+00:00\",\"description\":\"Pila CR2477 Koonenda 3 V, 1000 mAh. Compatible DL2477\/ER2477\/GPR2477. Ideal para relojes, medidores y dispositivos de alta demanda. Env\u00edo 24\u201348 h.\",\"breadcrumb\":{\"@id\":\"https:\/\/pilasexpress.com\/tienda\/producto\/cr2477-koonenda\/#breadcrumb\"},\"inLanguage\":\"es\",\"potentialAction\":[{\"@type\":\"ReadAction\",\"target\":[\"https:\/\/pilasexpress.com\/tienda\/producto\/cr2477-koonenda\/\"]}]},{\"@type\":\"ImageObject\",\"inLanguage\":\"es\",\"@id\":\"https:\/\/pilasexpress.com\/tienda\/producto\/cr2477-koonenda\/#primaryimage\",\"url\":\"https:\/\/pilasexpress.com\/tienda\/wp-content\/uploads\/2025\/05\/2575-00.webp\",\"contentUrl\":\"https:\/\/pilasexpress.com\/tienda\/wp-content\/uploads\/2025\/05\/2575-00.webp\",\"width\":1000,\"height\":1000,\"caption\":\"CR2477 Koonenda\"},{\"@type\":\"BreadcrumbList\",\"@id\":\"https:\/\/pilasexpress.com\/tienda\/producto\/cr2477-koonenda\/#breadcrumb\",\"itemListElement\":[{\"@type\":\"ListItem\",\"position\":1,\"name\":\"Portada\",\"item\":\"https:\/\/pilasexpress.com\/tienda\/\"},{\"@type\":\"ListItem\",\"position\":2,\"name\":\"Tienda\",\"item\":\"https:\/\/pilasexpress.com\/tienda\/tienda\/\"},{\"@type\":\"ListItem\",\"position\":3,\"name\":\"Pila de boton Litio CR2477 3V ER2477 GPR2477 Koonenda\"}]},{\"@type\":\"WebSite\",\"@id\":\"https:\/\/pilasexpress.com\/tienda\/#website\",\"url\":\"https:\/\/pilasexpress.com\/tienda\/\",\"name\":\"PilasExpress\",\"description\":\"Tu tienda de pilas de confianza, con env\u00edo express y al mejor precio. Gran variedad de modelos. Stock real. Env\u00edos en 24\/48h desde Espa\u00f1a.\",\"publisher\":{\"@id\":\"https:\/\/pilasexpress.com\/tienda\/#organization\"},\"potentialAction\":[{\"@type\":\"SearchAction\",\"target\":{\"@type\":\"EntryPoint\",\"urlTemplate\":\"https:\/\/pilasexpress.com\/tienda\/?s={search_term_string}\"},\"query-input\":{\"@type\":\"PropertyValueSpecification\",\"valueRequired\":true,\"valueName\":\"search_term_string\"}}],\"inLanguage\":\"es\"},{\"@type\":\"Organization\",\"@id\":\"https:\/\/pilasexpress.com\/tienda\/#organization\",\"name\":\"PilasExpress\",\"url\":\"https:\/\/pilasexpress.com\/tienda\/\",\"logo\":{\"@type\":\"ImageObject\",\"inLanguage\":\"es\",\"@id\":\"https:\/\/pilasexpress.com\/tienda\/#\/schema\/logo\/image\/\",\"url\":\"\",\"contentUrl\":\"\",\"caption\":\"PilasExpress\"},\"image\":{\"@id\":\"https:\/\/pilasexpress.com\/tienda\/#\/schema\/logo\/image\/\"}}]}<\/script>\n<!-- \/ Yoast SEO plugin. -->","yoast_head_json":{"title":"Pila de boton Litio CR2477 3V ER2477 GPR2477 Koonenda - PilasExpress","description":"Pila CR2477 Koonenda 3 V, 1000 mAh. Compatible DL2477\/ER2477\/GPR2477. Ideal para relojes, medidores y dispositivos de alta demanda. Env\u00edo 24\u201348 h.","robots":{"index":"index","follow":"follow","max-snippet":"max-snippet:-1","max-image-preview":"max-image-preview:large","max-video-preview":"max-video-preview:-1"},"canonical":"https:\/\/pilasexpress.com\/tienda\/producto\/cr2477-koonenda\/","og_locale":"es_ES","og_type":"article","og_title":"Pila de boton Litio CR2477 3V ER2477 GPR2477 Koonenda - PilasExpress","og_description":"Pila CR2477 Koonenda 3 V, 1000 mAh. Compatible DL2477\/ER2477\/GPR2477. Ideal para relojes, medidores y dispositivos de alta demanda. Env\u00edo 24\u201348 h.","og_url":"https:\/\/pilasexpress.com\/tienda\/producto\/cr2477-koonenda\/","og_site_name":"PilasExpress","article_modified_time":"2026-03-12T20:09:07+00:00","og_image":[{"width":1000,"height":1000,"url":"https:\/\/pilasexpress.com\/tienda\/wp-content\/uploads\/2025\/05\/2575-00.webp","type":"image\/png"}],"twitter_card":"summary_large_image","twitter_misc":{"Tiempo de lectura":"1 minuto"},"schema":{"@context":"https:\/\/schema.org","@graph":[{"@type":"WebPage","@id":"https:\/\/pilasexpress.com\/tienda\/producto\/cr2477-koonenda\/","url":"https:\/\/pilasexpress.com\/tienda\/producto\/cr2477-koonenda\/","name":"Pila de boton Litio CR2477 3V ER2477 GPR2477 Koonenda - PilasExpress","isPartOf":{"@id":"https:\/\/pilasexpress.com\/tienda\/#website"},"primaryImageOfPage":{"@id":"https:\/\/pilasexpress.com\/tienda\/producto\/cr2477-koonenda\/#primaryimage"},"image":{"@id":"https:\/\/pilasexpress.com\/tienda\/producto\/cr2477-koonenda\/#primaryimage"},"thumbnailUrl":"https:\/\/pilasexpress.com\/tienda\/wp-content\/uploads\/2025\/05\/2575-00.webp","datePublished":"2025-05-23T23:18:46+00:00","dateModified":"2026-03-12T20:09:07+00:00","description":"Pila CR2477 Koonenda 3 V, 1000 mAh. Compatible DL2477\/ER2477\/GPR2477. Ideal para relojes, medidores y dispositivos de alta demanda. Env\u00edo 24\u201348 h.","breadcrumb":{"@id":"https:\/\/pilasexpress.com\/tienda\/producto\/cr2477-koonenda\/#breadcrumb"},"inLanguage":"es","potentialAction":[{"@type":"ReadAction","target":["https:\/\/pilasexpress.com\/tienda\/producto\/cr2477-koonenda\/"]}]},{"@type":"ImageObject","inLanguage":"es","@id":"https:\/\/pilasexpress.com\/tienda\/producto\/cr2477-koonenda\/#primaryimage","url":"https:\/\/pilasexpress.com\/tienda\/wp-content\/uploads\/2025\/05\/2575-00.webp","contentUrl":"https:\/\/pilasexpress.com\/tienda\/wp-content\/uploads\/2025\/05\/2575-00.webp","width":1000,"height":1000,"caption":"CR2477 Koonenda"},{"@type":"BreadcrumbList","@id":"https:\/\/pilasexpress.com\/tienda\/producto\/cr2477-koonenda\/#breadcrumb","itemListElement":[{"@type":"ListItem","position":1,"name":"Portada","item":"https:\/\/pilasexpress.com\/tienda\/"},{"@type":"ListItem","position":2,"name":"Tienda","item":"https:\/\/pilasexpress.com\/tienda\/tienda\/"},{"@type":"ListItem","position":3,"name":"Pila de boton Litio CR2477 3V ER2477 GPR2477 Koonenda"}]},{"@type":"WebSite","@id":"https:\/\/pilasexpress.com\/tienda\/#website","url":"https:\/\/pilasexpress.com\/tienda\/","name":"PilasExpress","description":"Tu tienda de pilas de confianza, con env\u00edo express y al mejor precio. Gran variedad de modelos. Stock real. Env\u00edos en 24\/48h desde Espa\u00f1a.","publisher":{"@id":"https:\/\/pilasexpress.com\/tienda\/#organization"},"potentialAction":[{"@type":"SearchAction","target":{"@type":"EntryPoint","urlTemplate":"https:\/\/pilasexpress.com\/tienda\/?s={search_term_string}"},"query-input":{"@type":"PropertyValueSpecification","valueRequired":true,"valueName":"search_term_string"}}],"inLanguage":"es"},{"@type":"Organization","@id":"https:\/\/pilasexpress.com\/tienda\/#organization","name":"PilasExpress","url":"https:\/\/pilasexpress.com\/tienda\/","logo":{"@type":"ImageObject","inLanguage":"es","@id":"https:\/\/pilasexpress.com\/tienda\/#\/schema\/logo\/image\/","url":"","contentUrl":"","caption":"PilasExpress"},"image":{"@id":"https:\/\/pilasexpress.com\/tienda\/#\/schema\/logo\/image\/"}}]}},"jetpack_sharing_enabled":true,"_links":{"self":[{"href":"https:\/\/pilasexpress.com\/tienda\/wp-json\/wp\/v2\/product\/379","targetHints":{"allow":["GET"]}}],"collection":[{"href":"https:\/\/pilasexpress.com\/tienda\/wp-json\/wp\/v2\/product"}],"about":[{"href":"https:\/\/pilasexpress.com\/tienda\/wp-json\/wp\/v2\/types\/product"}],"replies":[{"embeddable":true,"href":"https:\/\/pilasexpress.com\/tienda\/wp-json\/wp\/v2\/comments?post=379"}],"wp:featuredmedia":[{"embeddable":true,"href":"https:\/\/pilasexpress.com\/tienda\/wp-json\/wp\/v2\/media\/380"}],"wp:attachment":[{"href":"https:\/\/pilasexpress.com\/tienda\/wp-json\/wp\/v2\/media?parent=379"}],"wp:term":[{"taxonomy":"product_brand","embeddable":true,"href":"https:\/\/pilasexpress.com\/tienda\/wp-json\/wp\/v2\/product_brand?post=379"},{"taxonomy":"product_cat","embeddable":true,"href":"https:\/\/pilasexpress.com\/tienda\/wp-json\/wp\/v2\/product_cat?post=379"},{"taxonomy":"product_tag","embeddable":true,"href":"https:\/\/pilasexpress.com\/tienda\/wp-json\/wp\/v2\/product_tag?post=379"}],"curies":[{"name":"wp","href":"https:\/\/api.w.org\/{rel}","templated":true}]}}